{"id":217,"date":"2024-07-22T05:45:16","date_gmt":"2024-07-22T05:45:16","guid":{"rendered":"https:\/\/www.trukkisafety.fi\/?page_id=217"},"modified":"2024-07-29T07:41:07","modified_gmt":"2024-07-29T07:41:07","slug":"home-2","status":"publish","type":"page","link":"https:\/\/www.trukkisafety.fi\/","title":{"rendered":"Etusivu"},"content":{"rendered":"<p>[et_pb_section fb_built=&#8221;1&#8243; admin_label=&#8221;Hero&#8221; _builder_version=&#8221;4.27.0&#8243; _module_preset=&#8221;default&#8221; background_enable_color=&#8221;off&#8221; use_background_color_gradient=&#8221;on&#8221; background_color_gradient_direction=&#8221;148deg&#8221; background_color_gradient_stops=&#8221;#ffffff 50%|rgba(255,255,255,0.85) 75%|rgba(255,255,255,0.36) 100%&#8221; background_color_gradient_start=&#8221;rgba(0,0,0,0.5)&#8221; background_color_gradient_end=&#8221;rgba(0,0,0,0.75)&#8221; background_image=&#8221;https:\/\/www.trukkisafety.fi\/wp-content\/uploads\/2024\/07\/0-08e9159a-e2e9-4136-9154-abeffa725401-1080&#215;600.jpg&#8221; custom_padding=&#8221;||||false|false&#8221; locked=&#8221;off&#8221; collapsed=&#8221;on&#8221; global_colors_info=&#8221;{}&#8221;][et_pb_row column_structure=&#8221;1_2,1_2&#8243; _builder_version=&#8221;4.24.2&#8243; _module_preset=&#8221;5138c454-be54-4233-bd3b-f8e6a8747976&#8243; locked=&#8221;off&#8221; global_colors_info=&#8221;{}&#8221;][et_pb_column type=&#8221;1_2&#8243; _builder_version=&#8221;4.23.1&#8243; _module_preset=&#8221;73121f80-a3ef-4484-8763-c3f18e3c56d2&#8243; global_colors_info=&#8221;{}&#8221;][et_pb_heading title=&#8221;Turvallinen ty\u00f6ymp\u00e4rist\u00f6 alkaa T\u00e4st\u00e4&#8221; _builder_version=&#8221;4.27.0&#8243; _module_preset=&#8221;f0c675ea-2574-4d0e-b725-30f8550a8550&#8243; title_text_color=&#8221;gcid-primary-color&#8221; locked=&#8221;off&#8221; global_colors_info=&#8221;{%22gcid-primary-color%22:%91%22title_text_color%22%93}&#8221;][\/et_pb_heading][et_pb_heading title=&#8221;Ratkaisut trukkien turvallisuuden parantamiseen&#8221; _builder_version=&#8221;4.27.0&#8243; _module_preset=&#8221;ddeb8c09-9078-4424-bc15-2efb6572e28e&#8221; title_font_size=&#8221;46px&#8221; custom_padding=&#8221;|0px||||&#8221; locked=&#8221;off&#8221; global_colors_info=&#8221;{}&#8221;][\/et_pb_heading][et_pb_text _builder_version=&#8221;4.27.0&#8243; _module_preset=&#8221;2c55a9c4-feed-423b-9edb-ae0b5b365cac&#8221; locked=&#8221;off&#8221; global_colors_info=&#8221;{}&#8221;]Joka arkip\u00e4iv\u00e4 Suomessa tapahtuu keskim\u00e4\u00e4rin kolme trukkionnettomuutta. Trukkisafety Oy tarjoaa ratkaisut trukkien ty\u00f6turvallisuuden parantamiseen.[\/et_pb_text][\/et_pb_column][et_pb_column type=&#8221;1_2&#8243; _builder_version=&#8221;4.23.1&#8243; _module_preset=&#8221;73121f80-a3ef-4484-8763-c3f18e3c56d2&#8243; global_colors_info=&#8221;{}&#8221;][et_pb_image src=&#8221;https:\/\/www.trukkisafety.fi\/wp-content\/uploads\/2024\/07\/IMG-20221101-WA0009-1.jpg&#8221; title_text=&#8221;IMG-20221101-WA0009&#8243; _builder_version=&#8221;4.27.0&#8243; _module_preset=&#8221;1cc6152f-565c-4c4d-b0c9-cf8c9576c341&#8243; box_shadow_style=&#8221;preset4&#8243; box_shadow_horizontal=&#8221;0px&#8221; box_shadow_vertical=&#8221;24px&#8221; box_shadow_blur=&#8221;72px&#8221; box_shadow_spread=&#8221;-12px&#8221; locked=&#8221;off&#8221; global_colors_info=&#8221;{}&#8221;][\/et_pb_image][\/et_pb_column][\/et_pb_row][\/et_pb_section][et_pb_section fb_built=&#8221;1&#8243; admin_label=&#8221;Text &#038; Image&#8221; _builder_version=&#8221;4.18.0&#8243; _module_preset=&#8221;default&#8221; locked=&#8221;off&#8221; collapsed=&#8221;on&#8221; global_colors_info=&#8221;{}&#8221;][et_pb_row column_structure=&#8221;1_2,1_2&#8243; _builder_version=&#8221;4.27.0&#8243; _module_preset=&#8221;5138c454-be54-4233-bd3b-f8e6a8747976&#8243; global_colors_info=&#8221;{}&#8221;][et_pb_column type=&#8221;1_2&#8243; _builder_version=&#8221;4.18.0&#8243; _module_preset=&#8221;73121f80-a3ef-4484-8763-c3f18e3c56d2&#8243; custom_padding=&#8221;5%||5%||true|false&#8221; custom_padding_tablet=&#8221;0%||0%||true|false&#8221; custom_padding_phone=&#8221;0%||0%||true|false&#8221; custom_padding_last_edited=&#8221;on|desktop&#8221; global_colors_info=&#8221;{}&#8221;][et_pb_heading title=&#8221;Trukkionnettomuudet Suomessa&#8221; _builder_version=&#8221;4.27.0&#8243; _module_preset=&#8221;c33f07d9-41e0-421a-8799-5799df695cce&#8221; title_font_size=&#8221;29px&#8221; locked=&#8221;off&#8221; global_colors_info=&#8221;{}&#8221;][\/et_pb_heading][et_pb_text _builder_version=&#8221;4.24.2&#8243; _module_preset=&#8221;2c55a9c4-feed-423b-9edb-ae0b5b365cac&#8221; global_colors_info=&#8221;{}&#8221;]<\/p>\n<p>Trukkionnettomuudet ovat vakava ongelma suomalaisilla ty\u00f6paikoilla. Keskim\u00e4\u00e4rin kolme trukkionnettomuutta tapahtuu joka arkip\u00e4iv\u00e4. T\u00e4m\u00e4 tilasto on per\u00e4isin Ty\u00f6terveyslaitokselta, ja se korostaa tarvetta parantaa trukkien turvallisuusratkaisuja. Trukkisafety Oy tarjoaa \u00e4lykameraj\u00e4rjestelmi\u00e4 ja muita turvallisuusratkaisuja, jotka voivat v\u00e4hent\u00e4\u00e4 onnettomuuksia ja parantaa ty\u00f6ymp\u00e4rist\u00f6n turvallisuutta.<\/p>\n<p>[\/et_pb_text][\/et_pb_column][et_pb_column type=&#8221;1_2&#8243; _builder_version=&#8221;4.18.0&#8243; _module_preset=&#8221;73121f80-a3ef-4484-8763-c3f18e3c56d2&#8243; global_colors_info=&#8221;{}&#8221;][et_pb_image src=&#8221;https:\/\/www.trukkisafety.fi\/wp-content\/uploads\/2024\/07\/onnettomuus-1536&#215;940-1.jpg&#8221; title_text=&#8221;onnettomuus-1536&#215;940&#8243; _builder_version=&#8221;4.27.0&#8243; _module_preset=&#8221;6ed8fd5c-62c5-4100-98c3-7b8b6d2c2ee6&#8243; locked=&#8221;off&#8221; global_colors_info=&#8221;{}&#8221;][\/et_pb_image][\/et_pb_column][\/et_pb_row][\/et_pb_section][et_pb_section fb_built=&#8221;1&#8243; admin_label=&#8221;Call to Action&#8221; _builder_version=&#8221;4.24.2&#8243; _module_preset=&#8221;default&#8221; background_color=&#8221;gcid-secondary-color&#8221; locked=&#8221;off&#8221; collapsed=&#8221;on&#8221; global_colors_info=&#8221;{%22gcid-secondary-color%22:%91%22background_color%22%93}&#8221; custom_margin=&#8221;||-155px|||&#8221;][et_pb_row _builder_version=&#8221;4.23&#8243; _module_preset=&#8221;5138c454-be54-4233-bd3b-f8e6a8747976&#8243; global_colors_info=&#8221;{}&#8221;][et_pb_column type=&#8221;4_4&#8243; _builder_version=&#8221;4.16&#8243; _module_preset=&#8221;73121f80-a3ef-4484-8763-c3f18e3c56d2&#8243; global_colors_info=&#8221;{}&#8221;][et_pb_cta title=&#8221;Trukki on mukana joka arkip\u00e4iv\u00e4 kolmessa ty\u00f6tapaturmassa&#8221; button_url=&#8221;@ET-DC@eyJkeW5hbWljIjp0cnVlLCJjb250ZW50IjoicG9zdF9saW5rX3VybF9wYWdlIiwic2V0dGluZ3MiOnsicG9zdF9pZCI6IjIxOSJ9fQ==@&#8221; button_text=&#8221;Lue lis\u00e4\u00e4 ratkaisuistamme&#8221; _builder_version=&#8221;4.27.0&#8243; _module_preset=&#8221;0cae81ab-7223-4b50-8e71-bfb309c58c86&#8243; body_link_font=&#8221;||||||||&#8221; background_enable_color=&#8221;off&#8221; use_background_color=&#8221;off&#8221; hover_enabled=&#8221;0&#8243; locked=&#8221;off&#8221; global_colors_info=&#8221;{%22gcid-primary-color%22:%91%22background_color%22%93}&#8221; text_font_size_tablet=&#8221;16px&#8221; text_font_size_phone=&#8221;14px&#8221; text_font_size_last_edited=&#8221;on|phone&#8221; sticky_enabled=&#8221;0&#8243; custom_padding=&#8221;||91px|||&#8221; button_text_color=&#8221;#000000&#8243; _dynamic_attributes=&#8221;button_url&#8221;]<\/p>\n<p><span lang=\"fi-FI\">\u201dTapaturmavakuutuskeskuksen tilastojen mukaan Suomessa sattuu jokaisen arkip\u00e4iv\u00e4n\u00e4 noin kolme tilastomerkinn\u00e4n aiheuttanutta tapaturmaa, jossa trukit ovat osallisena. N\u00e4ist\u00e4 tapaturmista noin 10%, eli 1-2 viikossa, on vakavia ja aiheuttaa yli 30 p\u00e4iv\u00e4n poissaolon. Trukki on vuosittain jollakin tavalla mukana noin 1%:ssa kaikista ty\u00f6tapaturmista.<\/span><\/p>\n<p><span lang=\"fi-FI\">Kuolemaan johtaneissa ja muissa eritt\u00e4in vakavissa trukkiturmissa uhri tyypillisesti puristuu trukin tai taakan alle tai v\u00e4liin. Kuolleista n. 40 % on trukinkuljettajia, 25 % trukkity\u00f6ss\u00e4 avustaneita ja 35 % sivullisia.\u201d<\/span><\/p>\n<p style=\"text-align: center;\"><span lang=\"fi-FI\">L\u00e4hde: Ty\u00f6turvallisuuskeskus<\/span><\/p>\n<p>[\/et_pb_cta][\/et_pb_column][\/et_pb_row][\/et_pb_section][et_pb_section fb_built=&#8221;1&#8243; admin_label=&#8221;Features&#8221; _builder_version=&#8221;4.18.0&#8243; _module_preset=&#8221;default&#8221; locked=&#8221;off&#8221; collapsed=&#8221;on&#8221; global_colors_info=&#8221;{}&#8221;][\/et_pb_section][et_pb_section fb_built=&#8221;1&#8243; admin_label=&#8221;Contact&#8221; _builder_version=&#8221;4.17.6&#8243; _module_preset=&#8221;default&#8221; locked=&#8221;off&#8221; collapsed=&#8221;on&#8221; global_colors_info=&#8221;{}&#8221;][et_pb_row column_structure=&#8221;2_5,3_5&#8243; _builder_version=&#8221;4.17.6&#8243; _module_preset=&#8221;5138c454-be54-4233-bd3b-f8e6a8747976&#8243; global_colors_info=&#8221;{}&#8221;][et_pb_column type=&#8221;2_5&#8243; _builder_version=&#8221;4.16&#8243; _module_preset=&#8221;73121f80-a3ef-4484-8763-c3f18e3c56d2&#8243; global_colors_info=&#8221;{}&#8221;][et_pb_heading title=&#8221;Ota Yhteytt\u00e4&#8221; _builder_version=&#8221;4.24.2&#8243; _module_preset=&#8221;c33f07d9-41e0-421a-8799-5799df695cce&#8221; title_level=&#8221;h1&#8243; locked=&#8221;off&#8221; global_colors_info=&#8221;{}&#8221;][\/et_pb_heading][et_pb_text module_class=&#8221;ai_ignore_all&#8221; _builder_version=&#8221;4.24.2&#8243; _module_preset=&#8221;2c55a9c4-feed-423b-9edb-ae0b5b365cac&#8221; custom_padding=&#8221;0px|||||&#8221; locked=&#8221;off&#8221; global_colors_info=&#8221;{}&#8221;]<\/p>\n<p>Myynti<\/p>\n<p>Iikka Kantola, puh. +358 41 704 2455, iikka.kantola@trukkisafety.fi<\/p>\n<p>[\/et_pb_text][et_pb_text module_class=&#8221;ai_ignore_all&#8221; _builder_version=&#8221;4.24.2&#8243; _module_preset=&#8221;2c55a9c4-feed-423b-9edb-ae0b5b365cac&#8221; locked=&#8221;off&#8221; global_colors_info=&#8221;{}&#8221;]<\/p>\n<p>Asennus- ja huolto: puh. +358 41 704 2455<\/p>\n<p>[\/et_pb_text][\/et_pb_column][et_pb_column type=&#8221;3_5&#8243; _builder_version=&#8221;4.16&#8243; _module_preset=&#8221;73121f80-a3ef-4484-8763-c3f18e3c56d2&#8243; global_colors_info=&#8221;{}&#8221;][\/et_pb_column][\/et_pb_row][et_pb_row _builder_version=&#8221;4.17.6&#8243; _module_preset=&#8221;5138c454-be54-4233-bd3b-f8e6a8747976&#8243; global_colors_info=&#8221;{}&#8221;][et_pb_column type=&#8221;4_4&#8243; _builder_version=&#8221;4.16&#8243; _module_preset=&#8221;73121f80-a3ef-4484-8763-c3f18e3c56d2&#8243; global_colors_info=&#8221;{}&#8221;][et_pb_map address=&#8221;1234 Divi St. #1000 San Francisco, CA 94220&#8243; address_lat=&#8221;37.7749295&#8243; address_lng=&#8221;-122.4194155&#8243; mouse_wheel=&#8221;off&#8221; _builder_version=&#8221;4.24.3&#8243; _module_preset=&#8221;cd8f1724-2b5a-40d1-9046-79407aad530a&#8221; child_filter_saturate=&#8221;0%&#8221; border_radii=&#8221;on|6px|6px|6px|6px&#8221; locked=&#8221;off&#8221; global_colors_info=&#8221;{}&#8221;][et_pb_map_pin pin_address=&#8221;San Francisco, CA, USA&#8221; pin_address_lat=&#8221;37.7749295&#8243; pin_address_lng=&#8221;-122.4194155&#8243; _builder_version=&#8221;4.14.8&#8243; _module_preset=&#8221;default&#8221; global_colors_info=&#8221;{}&#8221;][\/et_pb_map_pin][\/et_pb_map][\/et_pb_column][\/et_pb_row][\/et_pb_section]<\/p>\n","protected":false},"excerpt":{"rendered":"<p>Joka arkip\u00e4iv\u00e4 Suomessa tapahtuu keskim\u00e4\u00e4rin kolme trukkionnettomuutta. Trukkisafety Oy tarjoaa ratkaisut trukkien ty\u00f6turvallisuuden parantamiseen.Trukkionnettomuudet ovat vakava ongelma suomalaisilla ty\u00f6paikoilla. Keskim\u00e4\u00e4rin kolme trukkionnettomuutta tapahtuu joka arkip\u00e4iv\u00e4. T\u00e4m\u00e4 tilasto on per\u00e4isin Ty\u00f6terveyslaitokselta, ja se korostaa tarvetta parantaa trukkien turvallisuusratkaisuja. Trukkisafety Oy tarjoaa \u00e4lykameraj\u00e4rjestelmi\u00e4 ja muita turvallisuusratkaisuja, jotka voivat v\u00e4hent\u00e4\u00e4 onnettomuuksia ja parantaa ty\u00f6ymp\u00e4rist\u00f6n turvallisuutta.\u201dTapaturmavakuutuskeskuksen tilastojen mukaan Suomessa [&hellip;]<\/p>\n","protected":false},"author":1,"featured_media":0,"parent":0,"menu_order":0,"comment_status":"closed","ping_status":"closed","template":"","meta":{"_et_pb_use_builder":"on","_et_pb_old_content":"","_et_gb_content_width":"","footnotes":""},"class_list":["post-217","page","type-page","status-publish","hentry"],"_links":{"self":[{"href":"https:\/\/www.trukkisafety.fi\/index.php\/wp-json\/wp\/v2\/pages\/217"}],"collection":[{"href":"https:\/\/www.trukkisafety.fi\/index.php\/wp-json\/wp\/v2\/pages"}],"about":[{"href":"https:\/\/www.trukkisafety.fi\/index.php\/wp-json\/wp\/v2\/types\/page"}],"author":[{"embeddable":true,"href":"https:\/\/www.trukkisafety.fi\/index.php\/wp-json\/wp\/v2\/users\/1"}],"replies":[{"embeddable":true,"href":"https:\/\/www.trukkisafety.fi\/index.php\/wp-json\/wp\/v2\/comments?post=217"}],"version-history":[{"count":5,"href":"https:\/\/www.trukkisafety.fi\/index.php\/wp-json\/wp\/v2\/pages\/217\/revisions"}],"predecessor-version":[{"id":365,"href":"https:\/\/www.trukkisafety.fi\/index.php\/wp-json\/wp\/v2\/pages\/217\/revisions\/365"}],"wp:attachment":[{"href":"https:\/\/www.trukkisafety.fi\/index.php\/wp-json\/wp\/v2\/media?parent=217"}],"curies":[{"name":"wp","href":"https:\/\/api.w.org\/{rel}","templated":true}]}}