{"id":219,"date":"2024-07-22T05:45:16","date_gmt":"2024-07-22T05:45:16","guid":{"rendered":"https:\/\/www.trukkisafety.fi\/?page_id=219"},"modified":"2024-07-30T08:30:10","modified_gmt":"2024-07-30T08:30:10","slug":"solutions","status":"publish","type":"page","link":"https:\/\/www.trukkisafety.fi\/index.php\/solutions\/","title":{"rendered":"Ratkaisut"},"content":{"rendered":"<p>[et_pb_section fb_built=&#8221;1&#8243; admin_label=&#8221;Hero&#8221; _builder_version=&#8221;4.27.0&#8243; _module_preset=&#8221;default&#8221; background_image=&#8221;https:\/\/www.trukkisafety.fi\/wp-content\/uploads\/2024\/07\/IMG-20221101-WA0003.jpg&#8221; locked=&#8221;off&#8221; collapsed=&#8221;on&#8221; global_colors_info=&#8221;{}&#8221;][et_pb_row _builder_version=&#8221;4.27.0&#8243; _module_preset=&#8221;5138c454-be54-4233-bd3b-f8e6a8747976&#8243; custom_padding=&#8221;169px|||||&#8221; locked=&#8221;off&#8221; global_colors_info=&#8221;{}&#8221;][et_pb_column type=&#8221;4_4&#8243; _builder_version=&#8221;4.23.1&#8243; _module_preset=&#8221;73121f80-a3ef-4484-8763-c3f18e3c56d2&#8243; global_colors_info=&#8221;{}&#8221;][et_pb_heading title=&#8221;KAMERA-ja tutkaj\u00e4rjestelm\u00e4t turvallisuuden Parantamiseen&#8221; _builder_version=&#8221;4.27.0&#8243; _module_preset=&#8221;ddeb8c09-9078-4424-bc15-2efb6572e28e&#8221; title_text_color=&#8221;#FFFFFF&#8221; custom_margin=&#8221;|-570px||||&#8221; custom_padding=&#8221;|0px||||&#8221; locked=&#8221;off&#8221; global_colors_info=&#8221;{}&#8221;][\/et_pb_heading][\/et_pb_column][\/et_pb_row][\/et_pb_section][et_pb_section fb_built=&#8221;1&#8243; admin_label=&#8221;Text &#038; Image&#8221; _builder_version=&#8221;4.18.0&#8243; _module_preset=&#8221;default&#8221; locked=&#8221;off&#8221; collapsed=&#8221;on&#8221; global_colors_info=&#8221;{}&#8221;][et_pb_row column_structure=&#8221;1_2,1_2&#8243; _builder_version=&#8221;4.23.1&#8243; _module_preset=&#8221;5138c454-be54-4233-bd3b-f8e6a8747976&#8243; global_colors_info=&#8221;{}&#8221;][et_pb_column type=&#8221;1_2&#8243; _builder_version=&#8221;4.18.0&#8243; _module_preset=&#8221;73121f80-a3ef-4484-8763-c3f18e3c56d2&#8243; custom_padding=&#8221;5%||5%||true|false&#8221; custom_padding_tablet=&#8221;0%||0%||true|false&#8221; custom_padding_phone=&#8221;0%||0%||true|false&#8221; custom_padding_last_edited=&#8221;on|desktop&#8221; global_colors_info=&#8221;{}&#8221;][et_pb_heading title=&#8221;\u00c4LYKK\u00c4\u00c4T J\u00c4RJESTELM\u00c4T&#8221; _builder_version=&#8221;4.24.3&#8243; _module_preset=&#8221;c33f07d9-41e0-421a-8799-5799df695cce&#8221; locked=&#8221;off&#8221; global_colors_info=&#8221;{}&#8221;][\/et_pb_heading][et_pb_text _builder_version=&#8221;4.27.0&#8243; _module_preset=&#8221;2c55a9c4-feed-423b-9edb-ae0b5b365cac&#8221; custom_padding=&#8221;||0px|||&#8221; global_colors_info=&#8221;{}&#8221;]<\/p>\n<p>\u00c4lykk\u00e4\u00e4t kameraj\u00e4rjestelm\u00e4mme antavat 360-n\u00e4kym\u00e4n trukin ymp\u00e4rille. Sis\u00e4\u00e4nrakennettu teko\u00e4ly varoittaa vaara-alueella olevista jalankulkijoista ja tarvittaessa my\u00f6s muista ty\u00f6koneista.<\/p>\n<p>[\/et_pb_text][\/et_pb_column][et_pb_column type=&#8221;1_2&#8243; _builder_version=&#8221;4.18.0&#8243; _module_preset=&#8221;73121f80-a3ef-4484-8763-c3f18e3c56d2&#8243; global_colors_info=&#8221;{}&#8221;][et_pb_image src=&#8221;https:\/\/www.trukkisafety.fi\/wp-content\/uploads\/2024\/07\/IMG-20240306-WA0006.jpg&#8221; title_text=&#8221;IMG-20240306-WA0006&#8243; _builder_version=&#8221;4.27.0&#8243; _module_preset=&#8221;6ed8fd5c-62c5-4100-98c3-7b8b6d2c2ee6&#8243; locked=&#8221;off&#8221; global_colors_info=&#8221;{}&#8221;][\/et_pb_image][\/et_pb_column][\/et_pb_row][\/et_pb_section][et_pb_section fb_built=&#8221;1&#8243; admin_label=&#8221;Product Comparison&#8221; _builder_version=&#8221;4.24.3&#8243; _module_preset=&#8221;default&#8221; global_colors_info=&#8221;{}&#8221;][et_pb_row _builder_version=&#8221;4.24.3&#8243; _module_preset=&#8221;default&#8221; global_colors_info=&#8221;{}&#8221;][et_pb_column type=&#8221;4_4&#8243; _builder_version=&#8221;4.24.3&#8243; _module_preset=&#8221;default&#8221; global_colors_info=&#8221;{}&#8221;][et_pb_heading title=&#8221;Ratkaisut&#8221; _builder_version=&#8221;4.24.3&#8243; _module_preset=&#8221;c33f07d9-41e0-421a-8799-5799df695cce&#8221; global_colors_info=&#8221;{}&#8221;][\/et_pb_heading][\/et_pb_column][\/et_pb_row][et_pb_row column_structure=&#8221;1_2,1_2&#8243; _builder_version=&#8221;4.24.3&#8243; _module_preset=&#8221;default&#8221; global_colors_info=&#8221;{}&#8221;][et_pb_column type=&#8221;1_2&#8243; _builder_version=&#8221;4.24.3&#8243; _module_preset=&#8221;abf3c322-b168-4918-b3da-edbf076632f5&#8243; global_colors_info=&#8221;{}&#8221;][et_pb_image src=&#8221;https:\/\/www.trukkisafety.fi\/wp-content\/uploads\/2024\/07\/3d_360.jpg&#8221; title_text=&#8221;3d_360&#8243; _builder_version=&#8221;4.27.0&#8243; _module_preset=&#8221;default&#8221; global_colors_info=&#8221;{}&#8221;][\/et_pb_image][et_pb_heading title=&#8221;360-kameraj\u00e4rjestelm\u00e4&#8221; _builder_version=&#8221;4.24.3&#8243; _module_preset=&#8221;ba4a6336-701f-47b8-bf5c-09da0ce28016&#8243; global_colors_info=&#8221;{}&#8221;][\/et_pb_heading][et_pb_text _builder_version=&#8221;4.24.3&#8243; _module_preset=&#8221;2c55a9c4-feed-423b-9edb-ae0b5b365cac&#8221; custom_padding=&#8221;||24px|||&#8221; global_colors_info=&#8221;{}&#8221;]<\/p>\n<p>360-kameraj\u00e4rjestelm\u00e4 antaa n\u00e4kym\u00e4n koko koneen ymp\u00e4ri yhdell\u00e4 silm\u00e4yksell\u00e4. Teko\u00e4lyominaisuus varoittaa \u00e4\u00e4nimerkill\u00e4 kuljettajaa jos jalankulkija on on koneen ymp\u00e4rill\u00e4 vaara-alueella.<\/p>\n<p>[\/et_pb_text][\/et_pb_column][et_pb_column type=&#8221;1_2&#8243; _builder_version=&#8221;4.24.3&#8243; _module_preset=&#8221;abf3c322-b168-4918-b3da-edbf076632f5&#8243; global_colors_info=&#8221;{}&#8221;][et_pb_image src=&#8221;https:\/\/www.trukkisafety.fi\/wp-content\/uploads\/2024\/07\/IMG-20211004-WA0008.jpg&#8221; title_text=&#8221;IMG-20211004-WA0008&#8243; _builder_version=&#8221;4.27.0&#8243; _module_preset=&#8221;default&#8221; global_colors_info=&#8221;{}&#8221;][\/et_pb_image][et_pb_heading title=&#8221;PIIKKIKAMERA&#8221; _builder_version=&#8221;4.27.0&#8243; _module_preset=&#8221;ba4a6336-701f-47b8-bf5c-09da0ce28016&#8243; global_colors_info=&#8221;{}&#8221;][\/et_pb_heading][et_pb_text _builder_version=&#8221;4.27.0&#8243; _module_preset=&#8221;2c55a9c4-feed-423b-9edb-ae0b5b365cac&#8221; locked=&#8221;off&#8221; global_colors_info=&#8221;{}&#8221;]<\/p>\n<p><span lang=\"fi-FI\">Piikkikameraj\u00e4rjestelm\u00e4 asennetaan trukin piikkeihin ja j\u00e4rjestelm\u00e4 toimii langattomasti trukin kelkkaan tulevalla akulla.<\/span><\/p>\n<p><span lang=\"fi-FI\">Useissa tapauksissa piikin juureen sijoitettava kamera ei ole paras ratkaisu, jos trukilla k\u00e4sitell\u00e4\u00e4n paljon esimerkiksi eurolavoja. N\u00e4iss\u00e4 tapauksissa Katveturvan kelkkakameraj\u00e4rjestelm\u00e4 on paras ratkaisu.<\/span><\/p>\n<p><span lang=\"fi-FI\">Kelkka- ja piikkikameraj\u00e4rjestelm\u00e4t ovat saatavilla my\u00f6s langallisina.<\/span><\/p>\n<p><span lang=\"fi-FI\">J\u00e4rjestelm\u00e4 on mahdollista tilata asennettuna avaimet k\u00e4teen \u2013 mallilla tai asentaa itse.<\/span><\/p>\n<p>[\/et_pb_text][\/et_pb_column][\/et_pb_row][et_pb_row column_structure=&#8221;1_2,1_2&#8243; _builder_version=&#8221;4.24.3&#8243; _module_preset=&#8221;default&#8221; global_colors_info=&#8221;{}&#8221;][et_pb_column type=&#8221;1_2&#8243; _builder_version=&#8221;4.24.3&#8243; _module_preset=&#8221;abf3c322-b168-4918-b3da-edbf076632f5&#8243; global_colors_info=&#8221;{}&#8221;][et_pb_image src=&#8221;https:\/\/www.trukkisafety.fi\/wp-content\/uploads\/2024\/07\/IMG-20221026-WA0001.jpg&#8221; title_text=&#8221;IMG-20221026-WA0001&#8243; _builder_version=&#8221;4.27.0&#8243; _module_preset=&#8221;default&#8221; global_colors_info=&#8221;{}&#8221;][\/et_pb_image][et_pb_heading title=&#8221;Jalankulkijat tunnistava AI-\u00e4lyj\u00e4rjestelm\u00e4&#8221; _builder_version=&#8221;4.27.0&#8243; _module_preset=&#8221;ba4a6336-701f-47b8-bf5c-09da0ce28016&#8243; global_colors_info=&#8221;{}&#8221;][\/et_pb_heading][et_pb_text _builder_version=&#8221;4.24.3&#8243; _module_preset=&#8221;2c55a9c4-feed-423b-9edb-ae0b5b365cac&#8221; global_colors_info=&#8221;{}&#8221;]<\/p>\n<section class=\"elementor-section elementor-top-section elementor-element elementor-element-f81307f elementor-section-boxed elementor-section-height-default elementor-section-height-default\" data-id=\"f81307f\" data-element_type=\"section\" data-settings=\"{&quot;background_background&quot;:&quot;classic&quot;}\">\n<div class=\"elementor-container elementor-column-gap-default\">\n<div class=\"elementor-column elementor-col-50 elementor-top-column elementor-element elementor-element-dda36fe\" data-id=\"dda36fe\" data-element_type=\"column\">\n<div class=\"elementor-widget-wrap elementor-element-populated\">\n<div class=\"elementor-element elementor-element-fb7081f elementor-widget elementor-widget-text-editor\" data-id=\"fb7081f\" data-element_type=\"widget\" data-widget_type=\"text-editor.default\">\n<div class=\"elementor-widget-container\">\n<p><span lang=\"fi-FI\">Trukkiturvan teko\u00e4lyyn perustuva \u00e4lykameraj\u00e4rjestelm\u00e4 varoittaa kuljettajalle trukin ymp\u00e4rill\u00e4 vaara-alueella olevista jalankulkijoista \u00e4\u00e4nimerkill\u00e4 ja\/tai huomiovalolla.<\/span><\/p>\n<\/div>\n<\/div>\n<\/div>\n<\/div>\n<div class=\"elementor-column elementor-col-50 elementor-top-column elementor-element elementor-element-ff6b79a elementor-hidden-mobile\" data-id=\"ff6b79a\" data-element_type=\"column\">\n<div class=\"elementor-widget-wrap\"><\/div>\n<\/div>\n<\/div>\n<\/section>\n<section class=\"elementor-section elementor-top-section elementor-element elementor-element-a8706a0 elementor-section-boxed elementor-section-height-default elementor-section-height-default\" data-id=\"a8706a0\" data-element_type=\"section\">\n<div class=\"elementor-container elementor-column-gap-default\">\n<div class=\"elementor-column elementor-col-50 elementor-top-column elementor-element elementor-element-4aab9ff\" data-id=\"4aab9ff\" data-element_type=\"column\">\n<div class=\"elementor-widget-wrap elementor-element-populated\">\n<div class=\"elementor-element elementor-element-607d423 elementor-widget elementor-widget-text-editor\" data-id=\"607d423\" data-element_type=\"widget\" data-widget_type=\"text-editor.default\">\n<div class=\"elementor-widget-container\">\n<p><span lang=\"fi-FI\">\u00c4lykameraj\u00e4rjestelm\u00e4 skannaa trukin ymp\u00e4rist\u00f6\u00e4 ihmisen silm\u00e4\u00e4 tarkemmin ja reagoi ihmist\u00e4 nopeammin my\u00f6s l\u00e4hestyv\u00e4\u00e4n jalankulkijaan tai toiseen trukkiin.<\/span><\/p>\n<p><span lang=\"fi-FI\">\u00c4lykameraj\u00e4rjestelm\u00e4 on saatavilla trukin etu- ja takaosan lis\u00e4ksi my\u00f6s 360-kameraj\u00e4rjestelm\u00e4n\u00e4.<\/span><\/p>\n<p><span lang=\"fi-FI\">\u00c4lykameraj\u00e4rjestelm\u00e4\u00e4n on mahdollista liitt\u00e4\u00e4 my\u00f6s piikki- tai kelkkakamera.<\/span><\/p>\n<\/div>\n<\/div>\n<\/div>\n<\/div>\n<\/div>\n<\/section>\n<p>[\/et_pb_text][\/et_pb_column][et_pb_column type=&#8221;1_2&#8243; _builder_version=&#8221;4.24.3&#8243; _module_preset=&#8221;abf3c322-b168-4918-b3da-edbf076632f5&#8243; global_colors_info=&#8221;{}&#8221;][et_pb_image src=&#8221;https:\/\/www.trukkisafety.fi\/wp-content\/uploads\/2024\/07\/varastoturvallisuustuotteet-16-9-1024&#215;576-1.jpg&#8221; title_text=&#8221;varastoturvallisuustuotteet-16-9-1024&#215;576&#8243; _builder_version=&#8221;4.27.0&#8243; _module_preset=&#8221;default&#8221; global_colors_info=&#8221;{}&#8221;][\/et_pb_image][et_pb_heading title=&#8221;Varastoturvallisuus&#8221; _builder_version=&#8221;4.27.0&#8243; _module_preset=&#8221;ba4a6336-701f-47b8-bf5c-09da0ce28016&#8243; global_colors_info=&#8221;{}&#8221;][\/et_pb_heading][et_pb_text _builder_version=&#8221;4.24.3&#8243; _module_preset=&#8221;2c55a9c4-feed-423b-9edb-ae0b5b365cac&#8221; locked=&#8221;off&#8221; global_colors_info=&#8221;{}&#8221;]<\/p>\n<p>V<span lang=\"fi-FI\">arastoturvallisuustuotteista l\u00f6ytyv\u00e4t esimerkiksi my\u00f6s katvepeilit risteysalueille, trukkien t\u00f6rm\u00e4yssuojat, trukkien turvavy\u00f6j\u00e4rjestelm\u00e4t sek\u00e4 lis\u00e4valot.<\/span><\/p>\n<p><span lang=\"fi-FI\">Toimitamme varastoturvallisuustuotteet my\u00f6s tarvittaessa avaimet k\u00e4teen -asennuksena.<\/span><\/p>\n<p>[\/et_pb_text][\/et_pb_column][\/et_pb_row][\/et_pb_section][et_pb_section fb_built=&#8221;1&#8243; admin_label=&#8221;Gallery&#8221; _builder_version=&#8221;4.17.4&#8243; _module_preset=&#8221;default&#8221; locked=&#8221;off&#8221; collapsed=&#8221;on&#8221; global_colors_info=&#8221;{}&#8221;][\/et_pb_section]<\/p>\n","protected":false},"excerpt":{"rendered":"<p>\u00c4lykk\u00e4\u00e4t kameraj\u00e4rjestelm\u00e4mme antavat 360-n\u00e4kym\u00e4n trukin ymp\u00e4rille. Sis\u00e4\u00e4nrakennettu teko\u00e4ly varoittaa vaara-alueella olevista jalankulkijoista ja tarvittaessa my\u00f6s muista ty\u00f6koneista.360-kameraj\u00e4rjestelm\u00e4 antaa n\u00e4kym\u00e4n koko koneen ymp\u00e4ri yhdell\u00e4 silm\u00e4yksell\u00e4. Teko\u00e4lyominaisuus varoittaa \u00e4\u00e4nimerkill\u00e4 kuljettajaa jos jalankulkija on on koneen ymp\u00e4rill\u00e4 vaara-alueella.Piikkikameraj\u00e4rjestelm\u00e4 asennetaan trukin piikkeihin ja j\u00e4rjestelm\u00e4 toimii langattomasti trukin kelkkaan tulevalla akulla. Useissa tapauksissa piikin juureen sijoitettava kamera ei ole paras [&hellip;]<\/p>\n","protected":false},"author":1,"featured_media":0,"parent":0,"menu_order":0,"comment_status":"closed","ping_status":"closed","template":"","meta":{"_et_pb_use_builder":"on","_et_pb_old_content":"","_et_gb_content_width":"","footnotes":""},"class_list":["post-219","page","type-page","status-publish","hentry"],"_links":{"self":[{"href":"https:\/\/www.trukkisafety.fi\/index.php\/wp-json\/wp\/v2\/pages\/219"}],"collection":[{"href":"https:\/\/www.trukkisafety.fi\/index.php\/wp-json\/wp\/v2\/pages"}],"about":[{"href":"https:\/\/www.trukkisafety.fi\/index.php\/wp-json\/wp\/v2\/types\/page"}],"author":[{"embeddable":true,"href":"https:\/\/www.trukkisafety.fi\/index.php\/wp-json\/wp\/v2\/users\/1"}],"replies":[{"embeddable":true,"href":"https:\/\/www.trukkisafety.fi\/index.php\/wp-json\/wp\/v2\/comments?post=219"}],"version-history":[{"count":5,"href":"https:\/\/www.trukkisafety.fi\/index.php\/wp-json\/wp\/v2\/pages\/219\/revisions"}],"predecessor-version":[{"id":373,"href":"https:\/\/www.trukkisafety.fi\/index.php\/wp-json\/wp\/v2\/pages\/219\/revisions\/373"}],"wp:attachment":[{"href":"https:\/\/www.trukkisafety.fi\/index.php\/wp-json\/wp\/v2\/media?parent=219"}],"curies":[{"name":"wp","href":"https:\/\/api.w.org\/{rel}","templated":true}]}}